{"id":2117,"date":"2024-09-26T04:43:02","date_gmt":"2024-09-26T01:43:02","guid":{"rendered":"https:\/\/aygengineering.com\/?post_type=product&#038;p=2117"},"modified":"2024-09-26T04:56:00","modified_gmt":"2024-09-26T01:56:00","slug":"guida-slitting-line-3x1600x25","status":"publish","type":"product","link":"https:\/\/aygengineering.com\/tr\/urun\/guida-slitting-line-3x1600x25\/","title":{"rendered":"GUIDA Dilme Hatt\u0131 - 3x1600x25ton"},"content":{"rendered":"<ul>\n<li>Kal\u0131nl\u0131k: 0.4 ile 3mm<\/li>\n<li>Geni\u015flik: Maks 1600mm<\/li>\n<li>H\u0131z: 300 m\/dak<\/li>\n<li>Tonaj: Maks 25 ton<\/li>\n<li>Marka: GUIDA<\/li>\n<li>Hat \u00fczerinde ayr\u0131ca bir istifleyici de bulunmaktad\u0131r.<\/li>\n<\/ul>\n<p><strong>L\u00fctfen fiyat i\u00e7in bizimle ileti\u015fime ge\u00e7iniz.<\/strong><\/p>","protected":false},"excerpt":{"rendered":"<ul>\n<li>Kal\u0131nl\u0131k: 0.4 ile 3mm<\/li>\n<li>Geni\u015flik: Maks 1600mm<\/li>\n<li>H\u0131z: 300 m\/dak<\/li>\n<li>Tonaj: Maks 25 ton<\/li>\n<li>Marka: GUIDA<\/li>\n<li>Hat \u00fczerinde ayr\u0131ca bir istifleyici de bulunmaktad\u0131r.<\/li>\n<\/ul>\n<p><strong>L\u00fctfen fiyat i\u00e7in bizimle ileti\u015fime ge\u00e7iniz.<\/strong><\/p>","protected":false},"featured_media":2139,"comment_status":"open","ping_status":"closed","template":"","meta":[],"product_cat":[75],"product_tag":[],"yoast_head":"<!-- This site is optimized with the Yoast SEO plugin v22.6 - https:\/\/yoast.com\/wordpress\/plugins\/seo\/ -->\n<title>GUIDA Slitting Line - 3x1600x25ton - AYG<\/title>\n<meta name=\"robots\" content=\"index, follow, max-snippet:-1, max-image-preview:large, max-video-preview:-1\" \/>\n<link rel=\"canonical\" href=\"https:\/\/aygengineering.com\/tr\/urun\/guida-slitting-line-3x1600x25\/\" \/>\n<meta property=\"og:locale\" content=\"tr_TR\" \/>\n<meta property=\"og:type\" content=\"article\" \/>\n<meta property=\"og:title\" content=\"GUIDA Slitting Line - 3x1600x25ton - AYG\" \/>\n<meta property=\"og:description\" content=\"Thickness: 0.4mm to 3mm  Width: Max 1600mm  Speed: Max 300 m\/min  Tonage: Max 25 ton  Brand: GUIDA  Line has stacker as well.  Please contact us for Price.\" \/>\n<meta property=\"og:url\" content=\"https:\/\/aygengineering.com\/tr\/urun\/guida-slitting-line-3x1600x25\/\" \/>\n<meta property=\"og:site_name\" content=\"AYG\" \/>\n<meta property=\"article:modified_time\" content=\"2024-09-26T01:56:00+00:00\" \/>\n<meta property=\"og:image\" content=\"https:\/\/aygengineering.com\/wp-content\/uploads\/2024\/09\/WhatsApp-Image-2024-09-26-at-3.14.03-AM.jpeg\" \/>\n\t<meta property=\"og:image:width\" content=\"480\" \/>\n\t<meta property=\"og:image:height\" content=\"640\" \/>\n\t<meta property=\"og:image:type\" content=\"image\/jpeg\" \/>\n<meta name=\"twitter:card\" content=\"summary_large_image\" \/>\n<meta name=\"twitter:label1\" content=\"Tahmini okuma s\u00fcresi\" \/>\n\t<meta name=\"twitter:data1\" content=\"1 dakika\" \/>\n<script type=\"application\/ld+json\" class=\"yoast-schema-graph\">{\"@context\":\"https:\/\/schema.org\",\"@graph\":[{\"@type\":\"WebPage\",\"@id\":\"https:\/\/aygengineering.com\/product\/guida-slitting-line-3x1600x25\/\",\"url\":\"https:\/\/aygengineering.com\/product\/guida-slitting-line-3x1600x25\/\",\"name\":\"GUIDA Slitting Line - 3x1600x25ton - AYG\",\"isPartOf\":{\"@id\":\"https:\/\/aygengineering.com\/#website\"},\"primaryImageOfPage\":{\"@id\":\"https:\/\/aygengineering.com\/product\/guida-slitting-line-3x1600x25\/#primaryimage\"},\"image\":{\"@id\":\"https:\/\/aygengineering.com\/product\/guida-slitting-line-3x1600x25\/#primaryimage\"},\"thumbnailUrl\":\"https:\/\/aygengineering.com\/wp-content\/uploads\/2024\/09\/WhatsApp-Image-2024-09-26-at-3.14.03-AM.jpeg\",\"datePublished\":\"2024-09-26T01:43:02+00:00\",\"dateModified\":\"2024-09-26T01:56:00+00:00\",\"breadcrumb\":{\"@id\":\"https:\/\/aygengineering.com\/product\/guida-slitting-line-3x1600x25\/#breadcrumb\"},\"inLanguage\":\"tr\",\"potentialAction\":[{\"@type\":\"ReadAction\",\"target\":[\"https:\/\/aygengineering.com\/product\/guida-slitting-line-3x1600x25\/\"]}]},{\"@type\":\"ImageObject\",\"inLanguage\":\"tr\",\"@id\":\"https:\/\/aygengineering.com\/product\/guida-slitting-line-3x1600x25\/#primaryimage\",\"url\":\"https:\/\/aygengineering.com\/wp-content\/uploads\/2024\/09\/WhatsApp-Image-2024-09-26-at-3.14.03-AM.jpeg\",\"contentUrl\":\"https:\/\/aygengineering.com\/wp-content\/uploads\/2024\/09\/WhatsApp-Image-2024-09-26-at-3.14.03-AM.jpeg\",\"width\":480,\"height\":640},{\"@type\":\"BreadcrumbList\",\"@id\":\"https:\/\/aygengineering.com\/product\/guida-slitting-line-3x1600x25\/#breadcrumb\",\"itemListElement\":[{\"@type\":\"ListItem\",\"position\":1,\"name\":\"Home\",\"item\":\"https:\/\/aygengineering.com\/\"},{\"@type\":\"ListItem\",\"position\":2,\"name\":\"Products\",\"item\":\"https:\/\/aygengineering.com\/shop__trashed\/\"},{\"@type\":\"ListItem\",\"position\":3,\"name\":\"GUIDA Slitting Line &#8211; 3x1600x25ton\"}]},{\"@type\":\"WebSite\",\"@id\":\"https:\/\/aygengineering.com\/#website\",\"url\":\"https:\/\/aygengineering.com\/\",\"name\":\"AYG\",\"description\":\"ENGINEERING\",\"potentialAction\":[{\"@type\":\"SearchAction\",\"target\":{\"@type\":\"EntryPoint\",\"urlTemplate\":\"https:\/\/aygengineering.com\/?s={search_term_string}\"},\"query-input\":\"required name=search_term_string\"}],\"inLanguage\":\"tr\"}]}<\/script>\n<!-- \/ Yoast SEO plugin. -->","yoast_head_json":{"title":"GUIDA Slitting Line - 3x1600x25ton - AYG","robots":{"index":"index","follow":"follow","max-snippet":"max-snippet:-1","max-image-preview":"max-image-preview:large","max-video-preview":"max-video-preview:-1"},"canonical":"https:\/\/aygengineering.com\/tr\/urun\/guida-slitting-line-3x1600x25\/","og_locale":"tr_TR","og_type":"article","og_title":"GUIDA Slitting Line - 3x1600x25ton - AYG","og_description":"Thickness: 0.4mm to 3mm  Width: Max 1600mm  Speed: Max 300 m\/min  Tonage: Max 25 ton  Brand: GUIDA  Line has stacker as well.  Please contact us for Price.","og_url":"https:\/\/aygengineering.com\/tr\/urun\/guida-slitting-line-3x1600x25\/","og_site_name":"AYG","article_modified_time":"2024-09-26T01:56:00+00:00","og_image":[{"width":480,"height":640,"url":"https:\/\/aygengineering.com\/wp-content\/uploads\/2024\/09\/WhatsApp-Image-2024-09-26-at-3.14.03-AM.jpeg","type":"image\/jpeg"}],"twitter_card":"summary_large_image","twitter_misc":{"Tahmini okuma s\u00fcresi":"1 dakika"},"schema":{"@context":"https:\/\/schema.org","@graph":[{"@type":"WebPage","@id":"https:\/\/aygengineering.com\/product\/guida-slitting-line-3x1600x25\/","url":"https:\/\/aygengineering.com\/product\/guida-slitting-line-3x1600x25\/","name":"GUIDA Slitting Line - 3x1600x25ton - AYG","isPartOf":{"@id":"https:\/\/aygengineering.com\/#website"},"primaryImageOfPage":{"@id":"https:\/\/aygengineering.com\/product\/guida-slitting-line-3x1600x25\/#primaryimage"},"image":{"@id":"https:\/\/aygengineering.com\/product\/guida-slitting-line-3x1600x25\/#primaryimage"},"thumbnailUrl":"https:\/\/aygengineering.com\/wp-content\/uploads\/2024\/09\/WhatsApp-Image-2024-09-26-at-3.14.03-AM.jpeg","datePublished":"2024-09-26T01:43:02+00:00","dateModified":"2024-09-26T01:56:00+00:00","breadcrumb":{"@id":"https:\/\/aygengineering.com\/product\/guida-slitting-line-3x1600x25\/#breadcrumb"},"inLanguage":"tr","potentialAction":[{"@type":"ReadAction","target":["https:\/\/aygengineering.com\/product\/guida-slitting-line-3x1600x25\/"]}]},{"@type":"ImageObject","inLanguage":"tr","@id":"https:\/\/aygengineering.com\/product\/guida-slitting-line-3x1600x25\/#primaryimage","url":"https:\/\/aygengineering.com\/wp-content\/uploads\/2024\/09\/WhatsApp-Image-2024-09-26-at-3.14.03-AM.jpeg","contentUrl":"https:\/\/aygengineering.com\/wp-content\/uploads\/2024\/09\/WhatsApp-Image-2024-09-26-at-3.14.03-AM.jpeg","width":480,"height":640},{"@type":"BreadcrumbList","@id":"https:\/\/aygengineering.com\/product\/guida-slitting-line-3x1600x25\/#breadcrumb","itemListElement":[{"@type":"ListItem","position":1,"name":"Home","item":"https:\/\/aygengineering.com\/"},{"@type":"ListItem","position":2,"name":"Products","item":"https:\/\/aygengineering.com\/shop__trashed\/"},{"@type":"ListItem","position":3,"name":"GUIDA Slitting Line &#8211; 3x1600x25ton"}]},{"@type":"WebSite","@id":"https:\/\/aygengineering.com\/#website","url":"https:\/\/aygengineering.com\/","name":"AYG","description":"ENGINEERING","potentialAction":[{"@type":"SearchAction","target":{"@type":"EntryPoint","urlTemplate":"https:\/\/aygengineering.com\/?s={search_term_string}"},"query-input":"required name=search_term_string"}],"inLanguage":"tr"}]}},"_links":{"self":[{"href":"https:\/\/aygengineering.com\/tr\/wp-json\/wp\/v2\/product\/2117"}],"collection":[{"href":"https:\/\/aygengineering.com\/tr\/wp-json\/wp\/v2\/product"}],"about":[{"href":"https:\/\/aygengineering.com\/tr\/wp-json\/wp\/v2\/types\/product"}],"replies":[{"embeddable":true,"href":"https:\/\/aygengineering.com\/tr\/wp-json\/wp\/v2\/comments?post=2117"}],"wp:featuredmedia":[{"embeddable":true,"href":"https:\/\/aygengineering.com\/tr\/wp-json\/wp\/v2\/media\/2139"}],"wp:attachment":[{"href":"https:\/\/aygengineering.com\/tr\/wp-json\/wp\/v2\/media?parent=2117"}],"wp:term":[{"taxonomy":"product_cat","embeddable":true,"href":"https:\/\/aygengineering.com\/tr\/wp-json\/wp\/v2\/product_cat?post=2117"},{"taxonomy":"product_tag","embeddable":true,"href":"https:\/\/aygengineering.com\/tr\/wp-json\/wp\/v2\/product_tag?post=2117"}],"curies":[{"name":"wp","href":"https:\/\/api.w.org\/{rel}","templated":true}]}}