{"id":2094,"date":"2024-09-26T04:30:34","date_gmt":"2024-09-26T01:30:34","guid":{"rendered":"https:\/\/aygengineering.com\/?post_type=product&#038;p=2094"},"modified":"2024-09-26T04:30:34","modified_gmt":"2024-09-26T01:30:34","slug":"slitting-line-loop-tower-2x395","status":"publish","type":"product","link":"https:\/\/aygengineering.com\/tr\/urun\/slitting-line-loop-tower-2x395\/","title":{"rendered":"Dilme Hatt\u0131 \/ Loop Kulesi \u2013 2\u00d7395"},"content":{"rendered":"<ul>\n<li>Kal\u0131nl\u0131k: 0.3 ile 2mm<\/li>\n<li>Geni\u015flik: Maksimum 395 mm<\/li>\n<li>H\u0131z: 70 m\/dak<\/li>\n<li>ic cap : 500<\/li>\n<li>dis cap: 1650mm<\/li>\n<li>B\u0131\u00e7ak \u00e7ap\u0131 yakla\u015f\u0131k 210 mm<\/li>\n<li>B\u0131\u00e7ak \u015faft \u00e7ap\u0131 100 mm<\/li>\n<\/ul>\n<p><strong>L\u00fctfen fiyat i\u00e7in bizimle ileti\u015fime ge\u00e7iniz.<\/strong><\/p>","protected":false},"excerpt":{"rendered":"<ul>\n<li>Kal\u0131nl\u0131k: 0.3 ile 2mm<\/li>\n<li>Geni\u015flik: Maksimum 395 mm<\/li>\n<li>H\u0131z: 70 m\/dak<\/li>\n<li>ic cap : 500<\/li>\n<li>dis cap: 1650mm<\/li>\n<li>B\u0131\u00e7ak \u00e7ap\u0131 yakla\u015f\u0131k 210 mm<\/li>\n<li>B\u0131\u00e7ak \u015faft \u00e7ap\u0131 100 mm<\/li>\n<\/ul>\n<p><strong>L\u00fctfen fiyat i\u00e7in bizimle ileti\u015fime ge\u00e7iniz.<\/strong><\/p>","protected":false},"featured_media":2102,"comment_status":"open","ping_status":"closed","template":"","meta":[],"product_cat":[75],"product_tag":[],"yoast_head":"<!-- This site is optimized with the Yoast SEO plugin v22.6 - https:\/\/yoast.com\/wordpress\/plugins\/seo\/ -->\n<title>Slitting Line \/ Loop Tower - 2x395 - AYG<\/title>\n<meta name=\"robots\" content=\"index, follow, max-snippet:-1, max-image-preview:large, max-video-preview:-1\" \/>\n<link rel=\"canonical\" href=\"https:\/\/aygengineering.com\/tr\/urun\/slitting-line-loop-tower-2x395\/\" \/>\n<meta property=\"og:locale\" content=\"tr_TR\" \/>\n<meta property=\"og:type\" content=\"article\" \/>\n<meta property=\"og:title\" content=\"Slitting Line \/ Loop Tower - 2x395 - AYG\" \/>\n<meta property=\"og:description\" content=\"Thickness: 0,3mm to 2,00 mm  Width: Max 395 mm  Speed: Max 70 m\/min.  Coil Inside: \u00d8 500 mm  Coil Outside: \u00d8 1650 mm  Blade diameter approx. 210 mm  Blade shaft diameter 100 mm  Please contact us for Price.\" \/>\n<meta property=\"og:url\" content=\"https:\/\/aygengineering.com\/tr\/urun\/slitting-line-loop-tower-2x395\/\" \/>\n<meta property=\"og:site_name\" content=\"AYG\" \/>\n<meta property=\"og:image\" content=\"https:\/\/aygengineering.com\/wp-content\/uploads\/2024\/09\/Bild-8-1-rotated.jpg\" \/>\n\t<meta property=\"og:image:width\" content=\"480\" \/>\n\t<meta property=\"og:image:height\" content=\"640\" \/>\n\t<meta property=\"og:image:type\" content=\"image\/jpeg\" \/>\n<meta name=\"twitter:card\" content=\"summary_large_image\" \/>\n<meta name=\"twitter:label1\" content=\"Tahmini okuma s\u00fcresi\" \/>\n\t<meta name=\"twitter:data1\" content=\"1 dakika\" \/>\n<script type=\"application\/ld+json\" class=\"yoast-schema-graph\">{\"@context\":\"https:\/\/schema.org\",\"@graph\":[{\"@type\":\"WebPage\",\"@id\":\"https:\/\/aygengineering.com\/product\/slitting-line-loop-tower-2x395\/\",\"url\":\"https:\/\/aygengineering.com\/product\/slitting-line-loop-tower-2x395\/\",\"name\":\"Slitting Line \/ Loop Tower - 2x395 - AYG\",\"isPartOf\":{\"@id\":\"https:\/\/aygengineering.com\/#website\"},\"primaryImageOfPage\":{\"@id\":\"https:\/\/aygengineering.com\/product\/slitting-line-loop-tower-2x395\/#primaryimage\"},\"image\":{\"@id\":\"https:\/\/aygengineering.com\/product\/slitting-line-loop-tower-2x395\/#primaryimage\"},\"thumbnailUrl\":\"https:\/\/aygengineering.com\/wp-content\/uploads\/2024\/09\/Bild-8-1-rotated.jpg\",\"datePublished\":\"2024-09-26T01:30:34+00:00\",\"dateModified\":\"2024-09-26T01:30:34+00:00\",\"breadcrumb\":{\"@id\":\"https:\/\/aygengineering.com\/product\/slitting-line-loop-tower-2x395\/#breadcrumb\"},\"inLanguage\":\"tr\",\"potentialAction\":[{\"@type\":\"ReadAction\",\"target\":[\"https:\/\/aygengineering.com\/product\/slitting-line-loop-tower-2x395\/\"]}]},{\"@type\":\"ImageObject\",\"inLanguage\":\"tr\",\"@id\":\"https:\/\/aygengineering.com\/product\/slitting-line-loop-tower-2x395\/#primaryimage\",\"url\":\"https:\/\/aygengineering.com\/wp-content\/uploads\/2024\/09\/Bild-8-1-rotated.jpg\",\"contentUrl\":\"https:\/\/aygengineering.com\/wp-content\/uploads\/2024\/09\/Bild-8-1-rotated.jpg\",\"width\":480,\"height\":640},{\"@type\":\"BreadcrumbList\",\"@id\":\"https:\/\/aygengineering.com\/product\/slitting-line-loop-tower-2x395\/#breadcrumb\",\"itemListElement\":[{\"@type\":\"ListItem\",\"position\":1,\"name\":\"Home\",\"item\":\"https:\/\/aygengineering.com\/\"},{\"@type\":\"ListItem\",\"position\":2,\"name\":\"Products\",\"item\":\"https:\/\/aygengineering.com\/shop__trashed\/\"},{\"@type\":\"ListItem\",\"position\":3,\"name\":\"Slitting Line \/ Loop Tower &#8211; 2&#215;395\"}]},{\"@type\":\"WebSite\",\"@id\":\"https:\/\/aygengineering.com\/#website\",\"url\":\"https:\/\/aygengineering.com\/\",\"name\":\"AYG\",\"description\":\"ENGINEERING\",\"potentialAction\":[{\"@type\":\"SearchAction\",\"target\":{\"@type\":\"EntryPoint\",\"urlTemplate\":\"https:\/\/aygengineering.com\/?s={search_term_string}\"},\"query-input\":\"required name=search_term_string\"}],\"inLanguage\":\"tr\"}]}<\/script>\n<!-- \/ Yoast SEO plugin. -->","yoast_head_json":{"title":"Slitting Line \/ Loop Tower - 2x395 - AYG","robots":{"index":"index","follow":"follow","max-snippet":"max-snippet:-1","max-image-preview":"max-image-preview:large","max-video-preview":"max-video-preview:-1"},"canonical":"https:\/\/aygengineering.com\/tr\/urun\/slitting-line-loop-tower-2x395\/","og_locale":"tr_TR","og_type":"article","og_title":"Slitting Line \/ Loop Tower - 2x395 - AYG","og_description":"Thickness: 0,3mm to 2,00 mm  Width: Max 395 mm  Speed: Max 70 m\/min.  Coil Inside: \u00d8 500 mm  Coil Outside: \u00d8 1650 mm  Blade diameter approx. 210 mm  Blade shaft diameter 100 mm  Please contact us for Price.","og_url":"https:\/\/aygengineering.com\/tr\/urun\/slitting-line-loop-tower-2x395\/","og_site_name":"AYG","og_image":[{"width":480,"height":640,"url":"https:\/\/aygengineering.com\/wp-content\/uploads\/2024\/09\/Bild-8-1-rotated.jpg","type":"image\/jpeg"}],"twitter_card":"summary_large_image","twitter_misc":{"Tahmini okuma s\u00fcresi":"1 dakika"},"schema":{"@context":"https:\/\/schema.org","@graph":[{"@type":"WebPage","@id":"https:\/\/aygengineering.com\/product\/slitting-line-loop-tower-2x395\/","url":"https:\/\/aygengineering.com\/product\/slitting-line-loop-tower-2x395\/","name":"Slitting Line \/ Loop Tower - 2x395 - AYG","isPartOf":{"@id":"https:\/\/aygengineering.com\/#website"},"primaryImageOfPage":{"@id":"https:\/\/aygengineering.com\/product\/slitting-line-loop-tower-2x395\/#primaryimage"},"image":{"@id":"https:\/\/aygengineering.com\/product\/slitting-line-loop-tower-2x395\/#primaryimage"},"thumbnailUrl":"https:\/\/aygengineering.com\/wp-content\/uploads\/2024\/09\/Bild-8-1-rotated.jpg","datePublished":"2024-09-26T01:30:34+00:00","dateModified":"2024-09-26T01:30:34+00:00","breadcrumb":{"@id":"https:\/\/aygengineering.com\/product\/slitting-line-loop-tower-2x395\/#breadcrumb"},"inLanguage":"tr","potentialAction":[{"@type":"ReadAction","target":["https:\/\/aygengineering.com\/product\/slitting-line-loop-tower-2x395\/"]}]},{"@type":"ImageObject","inLanguage":"tr","@id":"https:\/\/aygengineering.com\/product\/slitting-line-loop-tower-2x395\/#primaryimage","url":"https:\/\/aygengineering.com\/wp-content\/uploads\/2024\/09\/Bild-8-1-rotated.jpg","contentUrl":"https:\/\/aygengineering.com\/wp-content\/uploads\/2024\/09\/Bild-8-1-rotated.jpg","width":480,"height":640},{"@type":"BreadcrumbList","@id":"https:\/\/aygengineering.com\/product\/slitting-line-loop-tower-2x395\/#breadcrumb","itemListElement":[{"@type":"ListItem","position":1,"name":"Home","item":"https:\/\/aygengineering.com\/"},{"@type":"ListItem","position":2,"name":"Products","item":"https:\/\/aygengineering.com\/shop__trashed\/"},{"@type":"ListItem","position":3,"name":"Slitting Line \/ Loop Tower &#8211; 2&#215;395"}]},{"@type":"WebSite","@id":"https:\/\/aygengineering.com\/#website","url":"https:\/\/aygengineering.com\/","name":"AYG","description":"ENGINEERING","potentialAction":[{"@type":"SearchAction","target":{"@type":"EntryPoint","urlTemplate":"https:\/\/aygengineering.com\/?s={search_term_string}"},"query-input":"required name=search_term_string"}],"inLanguage":"tr"}]}},"_links":{"self":[{"href":"https:\/\/aygengineering.com\/tr\/wp-json\/wp\/v2\/product\/2094"}],"collection":[{"href":"https:\/\/aygengineering.com\/tr\/wp-json\/wp\/v2\/product"}],"about":[{"href":"https:\/\/aygengineering.com\/tr\/wp-json\/wp\/v2\/types\/product"}],"replies":[{"embeddable":true,"href":"https:\/\/aygengineering.com\/tr\/wp-json\/wp\/v2\/comments?post=2094"}],"wp:featuredmedia":[{"embeddable":true,"href":"https:\/\/aygengineering.com\/tr\/wp-json\/wp\/v2\/media\/2102"}],"wp:attachment":[{"href":"https:\/\/aygengineering.com\/tr\/wp-json\/wp\/v2\/media?parent=2094"}],"wp:term":[{"taxonomy":"product_cat","embeddable":true,"href":"https:\/\/aygengineering.com\/tr\/wp-json\/wp\/v2\/product_cat?post=2094"},{"taxonomy":"product_tag","embeddable":true,"href":"https:\/\/aygengineering.com\/tr\/wp-json\/wp\/v2\/product_tag?post=2094"}],"curies":[{"name":"wp","href":"https:\/\/api.w.org\/{rel}","templated":true}]}}