{"id":1686,"date":"2023-06-21T15:33:27","date_gmt":"2023-06-21T12:33:27","guid":{"rendered":"https:\/\/aygengineering.com\/?post_type=product&#038;p=1686"},"modified":"2023-08-31T12:09:54","modified_gmt":"2023-08-31T09:09:54","slug":"galvanizing-line-2-50x1850x25","status":"publish","type":"product","link":"https:\/\/aygengineering.com\/tr\/urun\/galvanizing-line-2-50x1850x25\/","title":{"rendered":"Galvanizleme Hatt\u0131 - 2.50x1850x25ton"},"content":{"rendered":"<ul>\n<li>Kal\u0131nl\u0131k: 0,30-2,50 mm<\/li>\n<li>Geni\u015flik: Maks 1850mm<\/li>\n<li>H\u0131z: Maks 90 m\/dak<\/li>\n<li>Tonaj: Maks 25 ton<\/li>\n<li>Maks \u0130\u00e7 Rulo \u00c7ap\u0131 &amp; D\u0131\u015f Rulo \u00c7ap\u0131: 610mm &amp; 2000mm<\/li>\n<\/ul>\n<p><strong>L\u00fctfen fiyat i\u00e7in bizimle ileti\u015fime ge\u00e7iniz.<\/strong><\/p>","protected":false},"excerpt":{"rendered":"<ul>\n<li>Kal\u0131nl\u0131k: 0,30-2,50 mm<\/li>\n<li>Geni\u015flik: Maks 1850mm<\/li>\n<li>H\u0131z: Maks 90 m\/dak<\/li>\n<li>Tonaj: Maks 25 ton<\/li>\n<li>Maks \u0130\u00e7 Rulo \u00c7ap\u0131 &amp; D\u0131\u015f Rulo \u00c7ap\u0131: 610mm &amp; 2000mm<\/li>\n<\/ul>\n<p><strong>L\u00fctfen fiyat i\u00e7in bizimle ileti\u015fime ge\u00e7iniz.<\/strong><\/p>","protected":false},"featured_media":1702,"comment_status":"open","ping_status":"closed","template":"","meta":[],"product_cat":[81],"product_tag":[],"yoast_head":"<!-- This site is optimized with the Yoast SEO plugin v22.6 - https:\/\/yoast.com\/wordpress\/plugins\/seo\/ -->\n<title>Galvanizing Line - 2.50x1850x25ton - AYG<\/title>\n<meta name=\"robots\" content=\"index, follow, max-snippet:-1, max-image-preview:large, max-video-preview:-1\" \/>\n<link rel=\"canonical\" href=\"https:\/\/aygengineering.com\/tr\/urun\/galvanizing-line-2-50x1850x25\/\" \/>\n<meta property=\"og:locale\" content=\"tr_TR\" \/>\n<meta property=\"og:type\" content=\"article\" \/>\n<meta property=\"og:title\" content=\"Galvanizing Line - 2.50x1850x25ton - AYG\" \/>\n<meta property=\"og:description\" content=\"Thickness: 0,30-2,50 mm  Width: Max 1850 mm  Speed: Max 90 m\/min  Tonage: Max 25 ton  Max Coil Inner &amp; Outer Diameter: 610mm &amp; 2000mm  Please contact us for Price.\" \/>\n<meta property=\"og:url\" content=\"https:\/\/aygengineering.com\/tr\/urun\/galvanizing-line-2-50x1850x25\/\" \/>\n<meta property=\"og:site_name\" content=\"AYG\" \/>\n<meta property=\"article:modified_time\" content=\"2023-08-31T09:09:54+00:00\" \/>\n<meta property=\"og:image\" content=\"https:\/\/aygengineering.com\/wp-content\/uploads\/2023\/06\/Resim15-1.jpg\" \/>\n\t<meta property=\"og:image:width\" content=\"886\" \/>\n\t<meta property=\"og:image:height\" content=\"665\" \/>\n\t<meta property=\"og:image:type\" content=\"image\/jpeg\" \/>\n<meta name=\"twitter:card\" content=\"summary_large_image\" \/>\n<meta name=\"twitter:label1\" content=\"Tahmini okuma s\u00fcresi\" \/>\n\t<meta name=\"twitter:data1\" content=\"1 dakika\" \/>\n<script type=\"application\/ld+json\" class=\"yoast-schema-graph\">{\"@context\":\"https:\/\/schema.org\",\"@graph\":[{\"@type\":\"WebPage\",\"@id\":\"https:\/\/aygengineering.com\/product\/galvanizing-line-2-50x1850x25\/\",\"url\":\"https:\/\/aygengineering.com\/product\/galvanizing-line-2-50x1850x25\/\",\"name\":\"Galvanizing Line - 2.50x1850x25ton - AYG\",\"isPartOf\":{\"@id\":\"https:\/\/aygengineering.com\/#website\"},\"primaryImageOfPage\":{\"@id\":\"https:\/\/aygengineering.com\/product\/galvanizing-line-2-50x1850x25\/#primaryimage\"},\"image\":{\"@id\":\"https:\/\/aygengineering.com\/product\/galvanizing-line-2-50x1850x25\/#primaryimage\"},\"thumbnailUrl\":\"https:\/\/aygengineering.com\/wp-content\/uploads\/2023\/06\/Resim15-1.jpg\",\"datePublished\":\"2023-06-21T12:33:27+00:00\",\"dateModified\":\"2023-08-31T09:09:54+00:00\",\"breadcrumb\":{\"@id\":\"https:\/\/aygengineering.com\/product\/galvanizing-line-2-50x1850x25\/#breadcrumb\"},\"inLanguage\":\"tr\",\"potentialAction\":[{\"@type\":\"ReadAction\",\"target\":[\"https:\/\/aygengineering.com\/product\/galvanizing-line-2-50x1850x25\/\"]}]},{\"@type\":\"ImageObject\",\"inLanguage\":\"tr\",\"@id\":\"https:\/\/aygengineering.com\/product\/galvanizing-line-2-50x1850x25\/#primaryimage\",\"url\":\"https:\/\/aygengineering.com\/wp-content\/uploads\/2023\/06\/Resim15-1.jpg\",\"contentUrl\":\"https:\/\/aygengineering.com\/wp-content\/uploads\/2023\/06\/Resim15-1.jpg\",\"width\":886,\"height\":665},{\"@type\":\"BreadcrumbList\",\"@id\":\"https:\/\/aygengineering.com\/product\/galvanizing-line-2-50x1850x25\/#breadcrumb\",\"itemListElement\":[{\"@type\":\"ListItem\",\"position\":1,\"name\":\"Home\",\"item\":\"https:\/\/aygengineering.com\/\"},{\"@type\":\"ListItem\",\"position\":2,\"name\":\"Products\",\"item\":\"https:\/\/aygengineering.com\/shop__trashed\/\"},{\"@type\":\"ListItem\",\"position\":3,\"name\":\"Galvanizing Line &#8211; 2.50x1850x25ton\"}]},{\"@type\":\"WebSite\",\"@id\":\"https:\/\/aygengineering.com\/#website\",\"url\":\"https:\/\/aygengineering.com\/\",\"name\":\"AYG\",\"description\":\"ENGINEERING\",\"potentialAction\":[{\"@type\":\"SearchAction\",\"target\":{\"@type\":\"EntryPoint\",\"urlTemplate\":\"https:\/\/aygengineering.com\/?s={search_term_string}\"},\"query-input\":\"required name=search_term_string\"}],\"inLanguage\":\"tr\"}]}<\/script>\n<!-- \/ Yoast SEO plugin. -->","yoast_head_json":{"title":"Galvanizing Line - 2.50x1850x25ton - AYG","robots":{"index":"index","follow":"follow","max-snippet":"max-snippet:-1","max-image-preview":"max-image-preview:large","max-video-preview":"max-video-preview:-1"},"canonical":"https:\/\/aygengineering.com\/tr\/urun\/galvanizing-line-2-50x1850x25\/","og_locale":"tr_TR","og_type":"article","og_title":"Galvanizing Line - 2.50x1850x25ton - AYG","og_description":"Thickness: 0,30-2,50 mm  Width: Max 1850 mm  Speed: Max 90 m\/min  Tonage: Max 25 ton  Max Coil Inner &amp; Outer Diameter: 610mm &amp; 2000mm  Please contact us for Price.","og_url":"https:\/\/aygengineering.com\/tr\/urun\/galvanizing-line-2-50x1850x25\/","og_site_name":"AYG","article_modified_time":"2023-08-31T09:09:54+00:00","og_image":[{"width":886,"height":665,"url":"https:\/\/aygengineering.com\/wp-content\/uploads\/2023\/06\/Resim15-1.jpg","type":"image\/jpeg"}],"twitter_card":"summary_large_image","twitter_misc":{"Tahmini okuma s\u00fcresi":"1 dakika"},"schema":{"@context":"https:\/\/schema.org","@graph":[{"@type":"WebPage","@id":"https:\/\/aygengineering.com\/product\/galvanizing-line-2-50x1850x25\/","url":"https:\/\/aygengineering.com\/product\/galvanizing-line-2-50x1850x25\/","name":"Galvanizing Line - 2.50x1850x25ton - AYG","isPartOf":{"@id":"https:\/\/aygengineering.com\/#website"},"primaryImageOfPage":{"@id":"https:\/\/aygengineering.com\/product\/galvanizing-line-2-50x1850x25\/#primaryimage"},"image":{"@id":"https:\/\/aygengineering.com\/product\/galvanizing-line-2-50x1850x25\/#primaryimage"},"thumbnailUrl":"https:\/\/aygengineering.com\/wp-content\/uploads\/2023\/06\/Resim15-1.jpg","datePublished":"2023-06-21T12:33:27+00:00","dateModified":"2023-08-31T09:09:54+00:00","breadcrumb":{"@id":"https:\/\/aygengineering.com\/product\/galvanizing-line-2-50x1850x25\/#breadcrumb"},"inLanguage":"tr","potentialAction":[{"@type":"ReadAction","target":["https:\/\/aygengineering.com\/product\/galvanizing-line-2-50x1850x25\/"]}]},{"@type":"ImageObject","inLanguage":"tr","@id":"https:\/\/aygengineering.com\/product\/galvanizing-line-2-50x1850x25\/#primaryimage","url":"https:\/\/aygengineering.com\/wp-content\/uploads\/2023\/06\/Resim15-1.jpg","contentUrl":"https:\/\/aygengineering.com\/wp-content\/uploads\/2023\/06\/Resim15-1.jpg","width":886,"height":665},{"@type":"BreadcrumbList","@id":"https:\/\/aygengineering.com\/product\/galvanizing-line-2-50x1850x25\/#breadcrumb","itemListElement":[{"@type":"ListItem","position":1,"name":"Home","item":"https:\/\/aygengineering.com\/"},{"@type":"ListItem","position":2,"name":"Products","item":"https:\/\/aygengineering.com\/shop__trashed\/"},{"@type":"ListItem","position":3,"name":"Galvanizing Line &#8211; 2.50x1850x25ton"}]},{"@type":"WebSite","@id":"https:\/\/aygengineering.com\/#website","url":"https:\/\/aygengineering.com\/","name":"AYG","description":"ENGINEERING","potentialAction":[{"@type":"SearchAction","target":{"@type":"EntryPoint","urlTemplate":"https:\/\/aygengineering.com\/?s={search_term_string}"},"query-input":"required name=search_term_string"}],"inLanguage":"tr"}]}},"_links":{"self":[{"href":"https:\/\/aygengineering.com\/tr\/wp-json\/wp\/v2\/product\/1686"}],"collection":[{"href":"https:\/\/aygengineering.com\/tr\/wp-json\/wp\/v2\/product"}],"about":[{"href":"https:\/\/aygengineering.com\/tr\/wp-json\/wp\/v2\/types\/product"}],"replies":[{"embeddable":true,"href":"https:\/\/aygengineering.com\/tr\/wp-json\/wp\/v2\/comments?post=1686"}],"wp:featuredmedia":[{"embeddable":true,"href":"https:\/\/aygengineering.com\/tr\/wp-json\/wp\/v2\/media\/1702"}],"wp:attachment":[{"href":"https:\/\/aygengineering.com\/tr\/wp-json\/wp\/v2\/media?parent=1686"}],"wp:term":[{"taxonomy":"product_cat","embeddable":true,"href":"https:\/\/aygengineering.com\/tr\/wp-json\/wp\/v2\/product_cat?post=1686"},{"taxonomy":"product_tag","embeddable":true,"href":"https:\/\/aygengineering.com\/tr\/wp-json\/wp\/v2\/product_tag?post=1686"}],"curies":[{"name":"wp","href":"https:\/\/api.w.org\/{rel}","templated":true}]}}