{"id":258,"date":"2019-12-08T08:36:58","date_gmt":"2019-12-08T08:36:58","guid":{"rendered":"https:\/\/aygengineering.com\/?page_id=258"},"modified":"2023-03-25T11:58:23","modified_gmt":"2023-03-25T08:58:23","slug":"about","status":"publish","type":"page","link":"https:\/\/aygengineering.com\/tr\/about\/","title":{"rendered":"About"},"content":{"rendered":"<div data-elementor-type=\"wp-page\" data-elementor-id=\"258\" class=\"elementor elementor-258\">\n\t\t\t\t\t\t<section class=\"elementor-section elementor-top-section elementor-element elementor-element-f6116a2 elementor-section-boxed elementor-section-height-default elementor-section-height-default\" data-id=\"f6116a2\" data-element_type=\"section\">\n\t\t\t\t\t\t<div class=\"elementor-container elementor-column-gap-default\">\n\t\t\t\t\t<div class=\"elementor-column elementor-col-50 elementor-top-column elementor-element elementor-element-fb8d9dd\" data-id=\"fb8d9dd\" data-element_type=\"column\">\n\t\t\t<div class=\"elementor-widget-wrap elementor-element-populated\">\n\t\t\t\t\t\t<div class=\"elementor-element elementor-element-8d94ae2 elementor-widget elementor-widget-image\" data-id=\"8d94ae2\" data-element_type=\"widget\" data-widget_type=\"image.default\">\n\t\t\t\t<div class=\"elementor-widget-container\">\n\t\t\t\t\t\t\t\t\t\t\t\t\t\t\t<img fetchpriority=\"high\" decoding=\"async\" width=\"1024\" height=\"768\" src=\"https:\/\/aygengineering.com\/wp-content\/uploads\/2023\/03\/iStock-171347670-1024x768.jpg\" class=\"attachment-large size-large wp-image-1207\" alt=\"\" srcset=\"https:\/\/aygengineering.com\/wp-content\/uploads\/2023\/03\/iStock-171347670-1024x768.jpg 1024w, https:\/\/aygengineering.com\/wp-content\/uploads\/2023\/03\/iStock-171347670-300x225.jpg 300w, https:\/\/aygengineering.com\/wp-content\/uploads\/2023\/03\/iStock-171347670-768x576.jpg 768w, https:\/\/aygengineering.com\/wp-content\/uploads\/2023\/03\/iStock-171347670-1536x1152.jpg 1536w, https:\/\/aygengineering.com\/wp-content\/uploads\/2023\/03\/iStock-171347670-2048x1536.jpg 2048w, https:\/\/aygengineering.com\/wp-content\/uploads\/2023\/03\/iStock-171347670-16x12.jpg 16w, https:\/\/aygengineering.com\/wp-content\/uploads\/2023\/03\/iStock-171347670-600x450.jpg 600w\" sizes=\"(max-width: 1024px) 100vw, 1024px\" \/>\t\t\t\t\t\t\t\t\t\t\t\t\t\t\t<\/div>\n\t\t\t\t<\/div>\n\t\t\t\t\t<\/div>\n\t\t<\/div>\n\t\t\t\t<div class=\"elementor-column elementor-col-50 elementor-top-column elementor-element elementor-element-1d352f0\" data-id=\"1d352f0\" data-element_type=\"column\">\n\t\t\t<div class=\"elementor-widget-wrap elementor-element-populated\">\n\t\t\t\t\t\t<div class=\"elementor-element elementor-element-4702d69 section_titles elementor-align-left elementor-widget elementor-widget-tw-section-title\" data-id=\"4702d69\" data-element_type=\"widget\" data-widget_type=\"tw-section-title.default\">\n\t\t\t\t<div class=\"elementor-widget-container\">\n\t\t\t\t\t                            <h2 class=\"sec_title\">\n                                    <span>AYG Engineering<\/span>\n                            <\/h2>\n                \t\t\t\t<\/div>\n\t\t\t\t<\/div>\n\t\t\t\t<div class=\"elementor-element elementor-element-4e7c87e text_align elementor-align-left elementor-widget elementor-widget-xs-heading\" data-id=\"4e7c87e\" data-element_type=\"widget\" data-widget_type=\"xs-heading.default\">\n\t\t\t\t<div class=\"elementor-widget-container\">\n\t\t\t\t\t                <p class=\"ind_ps\">\nYolculu\u011fumuza 1993 y\u0131l\u0131nda makine m\u00fchendisi olarak ba\u015flad\u0131k. Bir s\u00fcre sonra yeni ve ikinci el olarak \u00e7elik servis merkezi hatlar\u0131 i\u00e7in deste\u011fe ihtiyac\u0131 olan m\u00fc\u015fterilerimize destek vermek i\u00e7in i\u015fletmemizi a\u00e7maya karar verdik. \u00c7elik Servis Merkezi'nin s\u0131f\u0131r veya ikinci el ekipmanlar\u0131 i\u00e7in destek sa\u011fl\u0131yoruz.\n\u00c7elik servis merkezlerinin optimizasyonu konusunda da destek sa\u011flamaktay\u0131z. Hedefimiz en iyi \u00e7elik servis merkezi hatlar\u0131 \u00fcreticisi olmakt\u0131r.<\/p>\r\n            \t\t\t\t<\/div>\n\t\t\t\t<\/div>\n\t\t\t\t\t<\/div>\n\t\t<\/div>\n\t\t\t\t\t<\/div>\n\t\t<\/section>\n\t\t\t\t<\/div>","protected":false},"excerpt":{"rendered":"<p>AYG Engineering We started our journey on 1993 as a mechanical engineer. After a while we&#8217;ve decided to open our business for supporting customers who need support for steel service center lines as a brand new and used. We provide support for Steel Service Center&#8217;s brand new or used equipments. We provide support in optimization [&hellip;]<\/p>\n","protected":false},"author":1,"featured_media":0,"parent":0,"menu_order":0,"comment_status":"closed","ping_status":"closed","template":"page-templates\/full-width.php","meta":{"footnotes":""},"yoast_head":"<!-- This site is optimized with the Yoast SEO plugin v22.6 - https:\/\/yoast.com\/wordpress\/plugins\/seo\/ -->\n<title>About - AYG<\/title>\n<meta name=\"robots\" content=\"index, follow, max-snippet:-1, max-image-preview:large, max-video-preview:-1\" \/>\n<link rel=\"canonical\" href=\"https:\/\/aygengineering.com\/tr\/about\/\" \/>\n<meta property=\"og:locale\" content=\"tr_TR\" \/>\n<meta property=\"og:type\" content=\"article\" \/>\n<meta property=\"og:title\" content=\"About - AYG\" \/>\n<meta property=\"og:description\" content=\"AYG Engineering We started our journey on 1993 as a mechanical engineer. After a while we&#8217;ve decided to open our business for supporting customers who need support for steel service center lines as a brand new and used. We provide support for Steel Service Center&#8217;s brand new or used equipments. We provide support in optimization [&hellip;]\" \/>\n<meta property=\"og:url\" content=\"https:\/\/aygengineering.com\/tr\/about\/\" \/>\n<meta property=\"og:site_name\" content=\"AYG\" \/>\n<meta property=\"article:modified_time\" content=\"2023-03-25T08:58:23+00:00\" \/>\n<meta property=\"og:image\" content=\"https:\/\/aygengineering.com\/wp-content\/uploads\/2023\/03\/iStock-171347670-1024x768.jpg\" \/>\n<meta name=\"twitter:card\" content=\"summary_large_image\" \/>\n<script type=\"application\/ld+json\" class=\"yoast-schema-graph\">{\"@context\":\"https:\/\/schema.org\",\"@graph\":[{\"@type\":\"WebPage\",\"@id\":\"https:\/\/aygengineering.com\/tr\/about\/\",\"url\":\"https:\/\/aygengineering.com\/tr\/about\/\",\"name\":\"About - AYG\",\"isPartOf\":{\"@id\":\"https:\/\/aygengineering.com\/#website\"},\"primaryImageOfPage\":{\"@id\":\"https:\/\/aygengineering.com\/tr\/about\/#primaryimage\"},\"image\":{\"@id\":\"https:\/\/aygengineering.com\/tr\/about\/#primaryimage\"},\"thumbnailUrl\":\"https:\/\/aygengineering.com\/wp-content\/uploads\/2023\/03\/iStock-171347670-1024x768.jpg\",\"datePublished\":\"2019-12-08T08:36:58+00:00\",\"dateModified\":\"2023-03-25T08:58:23+00:00\",\"breadcrumb\":{\"@id\":\"https:\/\/aygengineering.com\/tr\/about\/#breadcrumb\"},\"inLanguage\":\"tr\",\"potentialAction\":[{\"@type\":\"ReadAction\",\"target\":[\"https:\/\/aygengineering.com\/tr\/about\/\"]}]},{\"@type\":\"ImageObject\",\"inLanguage\":\"tr\",\"@id\":\"https:\/\/aygengineering.com\/tr\/about\/#primaryimage\",\"url\":\"https:\/\/aygengineering.com\/wp-content\/uploads\/2023\/03\/iStock-171347670-1024x768.jpg\",\"contentUrl\":\"https:\/\/aygengineering.com\/wp-content\/uploads\/2023\/03\/iStock-171347670-1024x768.jpg\"},{\"@type\":\"BreadcrumbList\",\"@id\":\"https:\/\/aygengineering.com\/tr\/about\/#breadcrumb\",\"itemListElement\":[{\"@type\":\"ListItem\",\"position\":1,\"name\":\"Home\",\"item\":\"https:\/\/aygengineering.com\/\"},{\"@type\":\"ListItem\",\"position\":2,\"name\":\"About\"}]},{\"@type\":\"WebSite\",\"@id\":\"https:\/\/aygengineering.com\/#website\",\"url\":\"https:\/\/aygengineering.com\/\",\"name\":\"AYG\",\"description\":\"ENGINEERING\",\"potentialAction\":[{\"@type\":\"SearchAction\",\"target\":{\"@type\":\"EntryPoint\",\"urlTemplate\":\"https:\/\/aygengineering.com\/?s={search_term_string}\"},\"query-input\":\"required name=search_term_string\"}],\"inLanguage\":\"tr\"}]}<\/script>\n<!-- \/ Yoast SEO plugin. -->","yoast_head_json":{"title":"About - AYG","robots":{"index":"index","follow":"follow","max-snippet":"max-snippet:-1","max-image-preview":"max-image-preview:large","max-video-preview":"max-video-preview:-1"},"canonical":"https:\/\/aygengineering.com\/tr\/about\/","og_locale":"tr_TR","og_type":"article","og_title":"About - AYG","og_description":"AYG Engineering We started our journey on 1993 as a mechanical engineer. After a while we&#8217;ve decided to open our business for supporting customers who need support for steel service center lines as a brand new and used. We provide support for Steel Service Center&#8217;s brand new or used equipments. We provide support in optimization [&hellip;]","og_url":"https:\/\/aygengineering.com\/tr\/about\/","og_site_name":"AYG","article_modified_time":"2023-03-25T08:58:23+00:00","og_image":[{"url":"https:\/\/aygengineering.com\/wp-content\/uploads\/2023\/03\/iStock-171347670-1024x768.jpg"}],"twitter_card":"summary_large_image","schema":{"@context":"https:\/\/schema.org","@graph":[{"@type":"WebPage","@id":"https:\/\/aygengineering.com\/tr\/about\/","url":"https:\/\/aygengineering.com\/tr\/about\/","name":"About - AYG","isPartOf":{"@id":"https:\/\/aygengineering.com\/#website"},"primaryImageOfPage":{"@id":"https:\/\/aygengineering.com\/tr\/about\/#primaryimage"},"image":{"@id":"https:\/\/aygengineering.com\/tr\/about\/#primaryimage"},"thumbnailUrl":"https:\/\/aygengineering.com\/wp-content\/uploads\/2023\/03\/iStock-171347670-1024x768.jpg","datePublished":"2019-12-08T08:36:58+00:00","dateModified":"2023-03-25T08:58:23+00:00","breadcrumb":{"@id":"https:\/\/aygengineering.com\/tr\/about\/#breadcrumb"},"inLanguage":"tr","potentialAction":[{"@type":"ReadAction","target":["https:\/\/aygengineering.com\/tr\/about\/"]}]},{"@type":"ImageObject","inLanguage":"tr","@id":"https:\/\/aygengineering.com\/tr\/about\/#primaryimage","url":"https:\/\/aygengineering.com\/wp-content\/uploads\/2023\/03\/iStock-171347670-1024x768.jpg","contentUrl":"https:\/\/aygengineering.com\/wp-content\/uploads\/2023\/03\/iStock-171347670-1024x768.jpg"},{"@type":"BreadcrumbList","@id":"https:\/\/aygengineering.com\/tr\/about\/#breadcrumb","itemListElement":[{"@type":"ListItem","position":1,"name":"Home","item":"https:\/\/aygengineering.com\/"},{"@type":"ListItem","position":2,"name":"About"}]},{"@type":"WebSite","@id":"https:\/\/aygengineering.com\/#website","url":"https:\/\/aygengineering.com\/","name":"AYG","description":"ENGINEERING","potentialAction":[{"@type":"SearchAction","target":{"@type":"EntryPoint","urlTemplate":"https:\/\/aygengineering.com\/?s={search_term_string}"},"query-input":"required name=search_term_string"}],"inLanguage":"tr"}]}},"_links":{"self":[{"href":"https:\/\/aygengineering.com\/tr\/wp-json\/wp\/v2\/pages\/258"}],"collection":[{"href":"https:\/\/aygengineering.com\/tr\/wp-json\/wp\/v2\/pages"}],"about":[{"href":"https:\/\/aygengineering.com\/tr\/wp-json\/wp\/v2\/types\/page"}],"author":[{"embeddable":true,"href":"https:\/\/aygengineering.com\/tr\/wp-json\/wp\/v2\/users\/1"}],"replies":[{"embeddable":true,"href":"https:\/\/aygengineering.com\/tr\/wp-json\/wp\/v2\/comments?post=258"}],"version-history":[{"count":0,"href":"https:\/\/aygengineering.com\/tr\/wp-json\/wp\/v2\/pages\/258\/revisions"}],"wp:attachment":[{"href":"https:\/\/aygengineering.com\/tr\/wp-json\/wp\/v2\/media?parent=258"}],"curies":[{"name":"wp","href":"https:\/\/api.w.org\/{rel}","templated":true}]}}