{"id":1244,"date":"2023-03-25T12:16:33","date_gmt":"2023-03-25T09:16:33","guid":{"rendered":"https:\/\/aygengineering.com\/?page_id=1244"},"modified":"2023-03-25T12:40:40","modified_gmt":"2023-03-25T09:40:40","slug":"continuous-galvanizing-line","status":"publish","type":"page","link":"https:\/\/aygengineering.com\/tr\/continuous-galvanizing-line\/","title":{"rendered":"S\u00fcrekli Galvanizleme Hatt\u0131"},"content":{"rendered":"<div data-elementor-type=\"wp-page\" data-elementor-id=\"1244\" class=\"elementor elementor-1244\">\n\t\t\t\t\t\t<section class=\"elementor-section elementor-top-section elementor-element elementor-element-f6116a2 elementor-section-boxed elementor-section-height-default elementor-section-height-default\" data-id=\"f6116a2\" data-element_type=\"section\">\n\t\t\t\t\t\t<div class=\"elementor-container elementor-column-gap-default\">\n\t\t\t\t\t<div class=\"elementor-column elementor-col-100 elementor-top-column elementor-element elementor-element-fb8d9dd\" data-id=\"fb8d9dd\" data-element_type=\"column\">\n\t\t\t<div class=\"elementor-widget-wrap elementor-element-populated\">\n\t\t\t\t\t\t<section class=\"elementor-section elementor-inner-section elementor-element elementor-element-b38283a elementor-section-boxed elementor-section-height-default elementor-section-height-default\" data-id=\"b38283a\" data-element_type=\"section\">\n\t\t\t\t\t\t<div class=\"elementor-container elementor-column-gap-default\">\n\t\t\t\t\t<div class=\"elementor-column elementor-col-50 elementor-inner-column elementor-element elementor-element-573f75d\" data-id=\"573f75d\" data-element_type=\"column\">\n\t\t\t<div class=\"elementor-widget-wrap elementor-element-populated\">\n\t\t\t\t\t\t<div class=\"elementor-element elementor-element-6bdc9b1 elementor-widget elementor-widget-image\" data-id=\"6bdc9b1\" data-element_type=\"widget\" data-widget_type=\"image.default\">\n\t\t\t\t<div class=\"elementor-widget-container\">\n\t\t\t\t\t\t\t\t\t\t\t\t\t\t\t<img fetchpriority=\"high\" decoding=\"async\" width=\"1024\" height=\"639\" src=\"https:\/\/aygengineering.com\/wp-content\/uploads\/2023\/03\/iStock-1179402036-1024x639.jpg\" class=\"attachment-large size-large wp-image-1246\" alt=\"\" srcset=\"https:\/\/aygengineering.com\/wp-content\/uploads\/2023\/03\/iStock-1179402036-1024x639.jpg 1024w, https:\/\/aygengineering.com\/wp-content\/uploads\/2023\/03\/iStock-1179402036-300x187.jpg 300w, https:\/\/aygengineering.com\/wp-content\/uploads\/2023\/03\/iStock-1179402036-768x479.jpg 768w, https:\/\/aygengineering.com\/wp-content\/uploads\/2023\/03\/iStock-1179402036-1536x959.jpg 1536w, https:\/\/aygengineering.com\/wp-content\/uploads\/2023\/03\/iStock-1179402036-2048x1279.jpg 2048w, https:\/\/aygengineering.com\/wp-content\/uploads\/2023\/03\/iStock-1179402036-18x12.jpg 18w, https:\/\/aygengineering.com\/wp-content\/uploads\/2023\/03\/iStock-1179402036-600x375.jpg 600w\" sizes=\"(max-width: 1024px) 100vw, 1024px\" \/>\t\t\t\t\t\t\t\t\t\t\t\t\t\t\t<\/div>\n\t\t\t\t<\/div>\n\t\t\t\t\t<\/div>\n\t\t<\/div>\n\t\t\t\t<div class=\"elementor-column elementor-col-50 elementor-inner-column elementor-element elementor-element-badaa36\" data-id=\"badaa36\" data-element_type=\"column\">\n\t\t\t<div class=\"elementor-widget-wrap elementor-element-populated\">\n\t\t\t\t\t\t<div class=\"elementor-element elementor-element-bb0d814 elementor-widget elementor-widget-text-editor\" data-id=\"bb0d814\" data-element_type=\"widget\" data-widget_type=\"text-editor.default\">\n\t\t\t\t<div class=\"elementor-widget-container\">\n\t\t\t\t\t\t\t\t\t<p>Hatlar\u0131 teknik ihtiya\u00e7lar\u0131n\u0131za g\u00f6re sa\u011fl\u0131yoruz.<\/p>\t\t\t\t\t\t\t\t<\/div>\n\t\t\t\t<\/div>\n\t\t\t\t\t<\/div>\n\t\t<\/div>\n\t\t\t\t\t<\/div>\n\t\t<\/section>\n\t\t\t\t\t<\/div>\n\t\t<\/div>\n\t\t\t\t\t<\/div>\n\t\t<\/section>\n\t\t\t\t<\/div>","protected":false},"excerpt":{"rendered":"<p>Hatlar\u0131 teknik ihtiya\u00e7lar\u0131n\u0131za g\u00f6re sa\u011fl\u0131yoruz.<\/p>","protected":false},"author":1,"featured_media":0,"parent":0,"menu_order":0,"comment_status":"closed","ping_status":"closed","template":"page-templates\/full-width.php","meta":{"footnotes":""},"yoast_head":"<!-- This site is optimized with the Yoast SEO plugin v22.6 - https:\/\/yoast.com\/wordpress\/plugins\/seo\/ -->\n<title>Continuous Galvanizing Line - AYG<\/title>\n<meta name=\"robots\" content=\"index, follow, max-snippet:-1, max-image-preview:large, max-video-preview:-1\" \/>\n<link rel=\"canonical\" href=\"https:\/\/aygengineering.com\/tr\/continuous-galvanizing-line\/\" \/>\n<meta property=\"og:locale\" content=\"tr_TR\" \/>\n<meta property=\"og:type\" content=\"article\" \/>\n<meta property=\"og:title\" content=\"Continuous Galvanizing Line - AYG\" \/>\n<meta property=\"og:description\" content=\"We provide the lines according to your technical needs.\" \/>\n<meta property=\"og:url\" content=\"https:\/\/aygengineering.com\/tr\/continuous-galvanizing-line\/\" \/>\n<meta property=\"og:site_name\" content=\"AYG\" \/>\n<meta property=\"article:modified_time\" content=\"2023-03-25T09:40:40+00:00\" \/>\n<meta property=\"og:image\" content=\"https:\/\/aygengineering.com\/wp-content\/uploads\/2023\/03\/iStock-1179402036-1024x639.jpg\" \/>\n<meta name=\"twitter:card\" content=\"summary_large_image\" \/>\n<script type=\"application\/ld+json\" class=\"yoast-schema-graph\">{\"@context\":\"https:\/\/schema.org\",\"@graph\":[{\"@type\":\"WebPage\",\"@id\":\"https:\/\/aygengineering.com\/continuous-galvanizing-line\/\",\"url\":\"https:\/\/aygengineering.com\/continuous-galvanizing-line\/\",\"name\":\"Continuous Galvanizing Line - AYG\",\"isPartOf\":{\"@id\":\"https:\/\/aygengineering.com\/#website\"},\"primaryImageOfPage\":{\"@id\":\"https:\/\/aygengineering.com\/continuous-galvanizing-line\/#primaryimage\"},\"image\":{\"@id\":\"https:\/\/aygengineering.com\/continuous-galvanizing-line\/#primaryimage\"},\"thumbnailUrl\":\"https:\/\/aygengineering.com\/wp-content\/uploads\/2023\/03\/iStock-1179402036-1024x639.jpg\",\"datePublished\":\"2023-03-25T09:16:33+00:00\",\"dateModified\":\"2023-03-25T09:40:40+00:00\",\"breadcrumb\":{\"@id\":\"https:\/\/aygengineering.com\/continuous-galvanizing-line\/#breadcrumb\"},\"inLanguage\":\"tr\",\"potentialAction\":[{\"@type\":\"ReadAction\",\"target\":[\"https:\/\/aygengineering.com\/continuous-galvanizing-line\/\"]}]},{\"@type\":\"ImageObject\",\"inLanguage\":\"tr\",\"@id\":\"https:\/\/aygengineering.com\/continuous-galvanizing-line\/#primaryimage\",\"url\":\"https:\/\/aygengineering.com\/wp-content\/uploads\/2023\/03\/iStock-1179402036-1024x639.jpg\",\"contentUrl\":\"https:\/\/aygengineering.com\/wp-content\/uploads\/2023\/03\/iStock-1179402036-1024x639.jpg\"},{\"@type\":\"BreadcrumbList\",\"@id\":\"https:\/\/aygengineering.com\/continuous-galvanizing-line\/#breadcrumb\",\"itemListElement\":[{\"@type\":\"ListItem\",\"position\":1,\"name\":\"Home\",\"item\":\"https:\/\/aygengineering.com\/\"},{\"@type\":\"ListItem\",\"position\":2,\"name\":\"Continuous Galvanizing Line\"}]},{\"@type\":\"WebSite\",\"@id\":\"https:\/\/aygengineering.com\/#website\",\"url\":\"https:\/\/aygengineering.com\/\",\"name\":\"AYG\",\"description\":\"ENGINEERING\",\"potentialAction\":[{\"@type\":\"SearchAction\",\"target\":{\"@type\":\"EntryPoint\",\"urlTemplate\":\"https:\/\/aygengineering.com\/?s={search_term_string}\"},\"query-input\":\"required name=search_term_string\"}],\"inLanguage\":\"tr\"}]}<\/script>\n<!-- \/ Yoast SEO plugin. -->","yoast_head_json":{"title":"Continuous Galvanizing Line - AYG","robots":{"index":"index","follow":"follow","max-snippet":"max-snippet:-1","max-image-preview":"max-image-preview:large","max-video-preview":"max-video-preview:-1"},"canonical":"https:\/\/aygengineering.com\/tr\/continuous-galvanizing-line\/","og_locale":"tr_TR","og_type":"article","og_title":"Continuous Galvanizing Line - AYG","og_description":"We provide the lines according to your technical needs.","og_url":"https:\/\/aygengineering.com\/tr\/continuous-galvanizing-line\/","og_site_name":"AYG","article_modified_time":"2023-03-25T09:40:40+00:00","og_image":[{"url":"https:\/\/aygengineering.com\/wp-content\/uploads\/2023\/03\/iStock-1179402036-1024x639.jpg"}],"twitter_card":"summary_large_image","schema":{"@context":"https:\/\/schema.org","@graph":[{"@type":"WebPage","@id":"https:\/\/aygengineering.com\/continuous-galvanizing-line\/","url":"https:\/\/aygengineering.com\/continuous-galvanizing-line\/","name":"Continuous Galvanizing Line - AYG","isPartOf":{"@id":"https:\/\/aygengineering.com\/#website"},"primaryImageOfPage":{"@id":"https:\/\/aygengineering.com\/continuous-galvanizing-line\/#primaryimage"},"image":{"@id":"https:\/\/aygengineering.com\/continuous-galvanizing-line\/#primaryimage"},"thumbnailUrl":"https:\/\/aygengineering.com\/wp-content\/uploads\/2023\/03\/iStock-1179402036-1024x639.jpg","datePublished":"2023-03-25T09:16:33+00:00","dateModified":"2023-03-25T09:40:40+00:00","breadcrumb":{"@id":"https:\/\/aygengineering.com\/continuous-galvanizing-line\/#breadcrumb"},"inLanguage":"tr","potentialAction":[{"@type":"ReadAction","target":["https:\/\/aygengineering.com\/continuous-galvanizing-line\/"]}]},{"@type":"ImageObject","inLanguage":"tr","@id":"https:\/\/aygengineering.com\/continuous-galvanizing-line\/#primaryimage","url":"https:\/\/aygengineering.com\/wp-content\/uploads\/2023\/03\/iStock-1179402036-1024x639.jpg","contentUrl":"https:\/\/aygengineering.com\/wp-content\/uploads\/2023\/03\/iStock-1179402036-1024x639.jpg"},{"@type":"BreadcrumbList","@id":"https:\/\/aygengineering.com\/continuous-galvanizing-line\/#breadcrumb","itemListElement":[{"@type":"ListItem","position":1,"name":"Home","item":"https:\/\/aygengineering.com\/"},{"@type":"ListItem","position":2,"name":"Continuous Galvanizing Line"}]},{"@type":"WebSite","@id":"https:\/\/aygengineering.com\/#website","url":"https:\/\/aygengineering.com\/","name":"AYG","description":"ENGINEERING","potentialAction":[{"@type":"SearchAction","target":{"@type":"EntryPoint","urlTemplate":"https:\/\/aygengineering.com\/?s={search_term_string}"},"query-input":"required name=search_term_string"}],"inLanguage":"tr"}]}},"_links":{"self":[{"href":"https:\/\/aygengineering.com\/tr\/wp-json\/wp\/v2\/pages\/1244"}],"collection":[{"href":"https:\/\/aygengineering.com\/tr\/wp-json\/wp\/v2\/pages"}],"about":[{"href":"https:\/\/aygengineering.com\/tr\/wp-json\/wp\/v2\/types\/page"}],"author":[{"embeddable":true,"href":"https:\/\/aygengineering.com\/tr\/wp-json\/wp\/v2\/users\/1"}],"replies":[{"embeddable":true,"href":"https:\/\/aygengineering.com\/tr\/wp-json\/wp\/v2\/comments?post=1244"}],"version-history":[{"count":0,"href":"https:\/\/aygengineering.com\/tr\/wp-json\/wp\/v2\/pages\/1244\/revisions"}],"wp:attachment":[{"href":"https:\/\/aygengineering.com\/tr\/wp-json\/wp\/v2\/media?parent=1244"}],"curies":[{"name":"wp","href":"https:\/\/api.w.org\/{rel}","templated":true}]}}