{"id":1226,"date":"2023-03-25T12:10:00","date_gmt":"2023-03-25T09:10:00","guid":{"rendered":"https:\/\/aygengineering.com\/?page_id=1226"},"modified":"2023-04-04T16:28:38","modified_gmt":"2023-04-04T13:28:38","slug":"slitting-line","status":"publish","type":"page","link":"https:\/\/aygengineering.com\/tr\/slitting-line\/","title":{"rendered":"Dilme Hatt\u0131"},"content":{"rendered":"<div data-elementor-type=\"wp-page\" data-elementor-id=\"1226\" class=\"elementor elementor-1226\">\n\t\t\t\t\t\t<section class=\"elementor-section elementor-top-section elementor-element elementor-element-f6116a2 elementor-section-boxed elementor-section-height-default elementor-section-height-default\" data-id=\"f6116a2\" data-element_type=\"section\">\n\t\t\t\t\t\t<div class=\"elementor-container elementor-column-gap-default\">\n\t\t\t\t\t<div class=\"elementor-column elementor-col-100 elementor-top-column elementor-element elementor-element-fb8d9dd\" data-id=\"fb8d9dd\" data-element_type=\"column\">\n\t\t\t<div class=\"elementor-widget-wrap elementor-element-populated\">\n\t\t\t\t\t\t<section class=\"elementor-section elementor-inner-section elementor-element elementor-element-2f536b7 elementor-section-boxed elementor-section-height-default elementor-section-height-default\" data-id=\"2f536b7\" data-element_type=\"section\">\n\t\t\t\t\t\t<div class=\"elementor-container elementor-column-gap-default\">\n\t\t\t\t\t<div class=\"elementor-column elementor-col-50 elementor-inner-column elementor-element elementor-element-bcf0e71\" data-id=\"bcf0e71\" data-element_type=\"column\">\n\t\t\t<div class=\"elementor-widget-wrap elementor-element-populated\">\n\t\t\t\t\t\t<div class=\"elementor-element elementor-element-6bdc9b1 elementor-widget elementor-widget-image\" data-id=\"6bdc9b1\" data-element_type=\"widget\" data-widget_type=\"image.default\">\n\t\t\t\t<div class=\"elementor-widget-container\">\n\t\t\t\t\t\t\t\t\t\t\t\t\t\t\t<img fetchpriority=\"high\" decoding=\"async\" width=\"1024\" height=\"429\" src=\"https:\/\/aygengineering.com\/wp-content\/uploads\/2023\/03\/iStock-1196150402-1024x429.jpg\" class=\"attachment-large size-large wp-image-1228\" alt=\"\" srcset=\"https:\/\/aygengineering.com\/wp-content\/uploads\/2023\/03\/iStock-1196150402-1024x429.jpg 1024w, https:\/\/aygengineering.com\/wp-content\/uploads\/2023\/03\/iStock-1196150402-300x126.jpg 300w, https:\/\/aygengineering.com\/wp-content\/uploads\/2023\/03\/iStock-1196150402-768x322.jpg 768w, https:\/\/aygengineering.com\/wp-content\/uploads\/2023\/03\/iStock-1196150402-1536x644.jpg 1536w, https:\/\/aygengineering.com\/wp-content\/uploads\/2023\/03\/iStock-1196150402-2048x858.jpg 2048w, https:\/\/aygengineering.com\/wp-content\/uploads\/2023\/03\/iStock-1196150402-18x8.jpg 18w, https:\/\/aygengineering.com\/wp-content\/uploads\/2023\/03\/iStock-1196150402-600x251.jpg 600w\" sizes=\"(max-width: 1024px) 100vw, 1024px\" \/>\t\t\t\t\t\t\t\t\t\t\t\t\t\t\t<\/div>\n\t\t\t\t<\/div>\n\t\t\t\t\t<\/div>\n\t\t<\/div>\n\t\t\t\t<div class=\"elementor-column elementor-col-50 elementor-inner-column elementor-element elementor-element-4acfc57\" data-id=\"4acfc57\" data-element_type=\"column\">\n\t\t\t<div class=\"elementor-widget-wrap elementor-element-populated\">\n\t\t\t\t\t\t<div class=\"elementor-element elementor-element-635ebcb elementor-widget elementor-widget-text-editor\" data-id=\"635ebcb\" data-element_type=\"widget\" data-widget_type=\"text-editor.default\">\n\t\t\t\t<div class=\"elementor-widget-container\">\n\t\t\t\t\t\t\t\t\t<ul><li>0,30'dan 3 mm'ye kadar so\u011fuk rulo malzeme\ni\u00e7in\u00a0<\/li><li>1,5mm'den 15mm'ye kadar s\u0131cak rulo malzeme i\u00e7in<\/li><li>Hatlar\u0131 teknik ihtiya\u00e7lar\u0131n\u0131za g\u00f6re sa\u011fl\u0131yoruz.<\/li><\/ul>\t\t\t\t\t\t\t\t<\/div>\n\t\t\t\t<\/div>\n\t\t\t\t\t<\/div>\n\t\t<\/div>\n\t\t\t\t\t<\/div>\n\t\t<\/section>\n\t\t\t\t\t<\/div>\n\t\t<\/div>\n\t\t\t\t\t<\/div>\n\t\t<\/section>\n\t\t\t\t<\/div>","protected":false},"excerpt":{"rendered":"<p>0,30 up to 3 mm for cold roll material\u00a0 1,5 up to 15 mm for hot roll material We provide the lines according to your technical needs.<\/p>","protected":false},"author":1,"featured_media":0,"parent":0,"menu_order":0,"comment_status":"closed","ping_status":"closed","template":"page-templates\/full-width.php","meta":{"footnotes":""},"yoast_head":"<!-- This site is optimized with the Yoast SEO plugin v22.6 - https:\/\/yoast.com\/wordpress\/plugins\/seo\/ -->\n<title>slitting line - AYG<\/title>\n<meta name=\"robots\" content=\"index, follow, max-snippet:-1, max-image-preview:large, max-video-preview:-1\" \/>\n<link rel=\"canonical\" href=\"https:\/\/aygengineering.com\/tr\/slitting-line\/\" \/>\n<meta property=\"og:locale\" content=\"tr_TR\" \/>\n<meta property=\"og:type\" content=\"article\" \/>\n<meta property=\"og:title\" content=\"slitting line - AYG\" \/>\n<meta property=\"og:description\" content=\"0,30 up to 3 mm for cold roll material\u00a0 1,5 up to 15 mm for hot roll material We provide the lines according to your technical needs.\" \/>\n<meta property=\"og:url\" content=\"https:\/\/aygengineering.com\/tr\/slitting-line\/\" \/>\n<meta property=\"og:site_name\" content=\"AYG\" \/>\n<meta property=\"article:modified_time\" content=\"2023-04-04T13:28:38+00:00\" \/>\n<meta property=\"og:image\" content=\"https:\/\/aygengineering.com\/wp-content\/uploads\/2023\/03\/iStock-1196150402-1024x429.jpg\" \/>\n<meta name=\"twitter:card\" content=\"summary_large_image\" \/>\n<meta name=\"twitter:label1\" content=\"Tahmini okuma s\u00fcresi\" \/>\n\t<meta name=\"twitter:data1\" content=\"1 dakika\" \/>\n<script type=\"application\/ld+json\" class=\"yoast-schema-graph\">{\"@context\":\"https:\/\/schema.org\",\"@graph\":[{\"@type\":\"WebPage\",\"@id\":\"https:\/\/aygengineering.com\/slitting-line\/\",\"url\":\"https:\/\/aygengineering.com\/slitting-line\/\",\"name\":\"slitting line - AYG\",\"isPartOf\":{\"@id\":\"https:\/\/aygengineering.com\/#website\"},\"primaryImageOfPage\":{\"@id\":\"https:\/\/aygengineering.com\/slitting-line\/#primaryimage\"},\"image\":{\"@id\":\"https:\/\/aygengineering.com\/slitting-line\/#primaryimage\"},\"thumbnailUrl\":\"https:\/\/aygengineering.com\/wp-content\/uploads\/2023\/03\/iStock-1196150402-1024x429.jpg\",\"datePublished\":\"2023-03-25T09:10:00+00:00\",\"dateModified\":\"2023-04-04T13:28:38+00:00\",\"breadcrumb\":{\"@id\":\"https:\/\/aygengineering.com\/slitting-line\/#breadcrumb\"},\"inLanguage\":\"tr\",\"potentialAction\":[{\"@type\":\"ReadAction\",\"target\":[\"https:\/\/aygengineering.com\/slitting-line\/\"]}]},{\"@type\":\"ImageObject\",\"inLanguage\":\"tr\",\"@id\":\"https:\/\/aygengineering.com\/slitting-line\/#primaryimage\",\"url\":\"https:\/\/aygengineering.com\/wp-content\/uploads\/2023\/03\/iStock-1196150402-1024x429.jpg\",\"contentUrl\":\"https:\/\/aygengineering.com\/wp-content\/uploads\/2023\/03\/iStock-1196150402-1024x429.jpg\"},{\"@type\":\"BreadcrumbList\",\"@id\":\"https:\/\/aygengineering.com\/slitting-line\/#breadcrumb\",\"itemListElement\":[{\"@type\":\"ListItem\",\"position\":1,\"name\":\"Home\",\"item\":\"https:\/\/aygengineering.com\/\"},{\"@type\":\"ListItem\",\"position\":2,\"name\":\"slitting line\"}]},{\"@type\":\"WebSite\",\"@id\":\"https:\/\/aygengineering.com\/#website\",\"url\":\"https:\/\/aygengineering.com\/\",\"name\":\"AYG\",\"description\":\"ENGINEERING\",\"potentialAction\":[{\"@type\":\"SearchAction\",\"target\":{\"@type\":\"EntryPoint\",\"urlTemplate\":\"https:\/\/aygengineering.com\/?s={search_term_string}\"},\"query-input\":\"required name=search_term_string\"}],\"inLanguage\":\"tr\"}]}<\/script>\n<!-- \/ Yoast SEO plugin. -->","yoast_head_json":{"title":"slitting line - AYG","robots":{"index":"index","follow":"follow","max-snippet":"max-snippet:-1","max-image-preview":"max-image-preview:large","max-video-preview":"max-video-preview:-1"},"canonical":"https:\/\/aygengineering.com\/tr\/slitting-line\/","og_locale":"tr_TR","og_type":"article","og_title":"slitting line - AYG","og_description":"0,30 up to 3 mm for cold roll material\u00a0 1,5 up to 15 mm for hot roll material We provide the lines according to your technical needs.","og_url":"https:\/\/aygengineering.com\/tr\/slitting-line\/","og_site_name":"AYG","article_modified_time":"2023-04-04T13:28:38+00:00","og_image":[{"url":"https:\/\/aygengineering.com\/wp-content\/uploads\/2023\/03\/iStock-1196150402-1024x429.jpg"}],"twitter_card":"summary_large_image","twitter_misc":{"Tahmini okuma s\u00fcresi":"1 dakika"},"schema":{"@context":"https:\/\/schema.org","@graph":[{"@type":"WebPage","@id":"https:\/\/aygengineering.com\/slitting-line\/","url":"https:\/\/aygengineering.com\/slitting-line\/","name":"slitting line - AYG","isPartOf":{"@id":"https:\/\/aygengineering.com\/#website"},"primaryImageOfPage":{"@id":"https:\/\/aygengineering.com\/slitting-line\/#primaryimage"},"image":{"@id":"https:\/\/aygengineering.com\/slitting-line\/#primaryimage"},"thumbnailUrl":"https:\/\/aygengineering.com\/wp-content\/uploads\/2023\/03\/iStock-1196150402-1024x429.jpg","datePublished":"2023-03-25T09:10:00+00:00","dateModified":"2023-04-04T13:28:38+00:00","breadcrumb":{"@id":"https:\/\/aygengineering.com\/slitting-line\/#breadcrumb"},"inLanguage":"tr","potentialAction":[{"@type":"ReadAction","target":["https:\/\/aygengineering.com\/slitting-line\/"]}]},{"@type":"ImageObject","inLanguage":"tr","@id":"https:\/\/aygengineering.com\/slitting-line\/#primaryimage","url":"https:\/\/aygengineering.com\/wp-content\/uploads\/2023\/03\/iStock-1196150402-1024x429.jpg","contentUrl":"https:\/\/aygengineering.com\/wp-content\/uploads\/2023\/03\/iStock-1196150402-1024x429.jpg"},{"@type":"BreadcrumbList","@id":"https:\/\/aygengineering.com\/slitting-line\/#breadcrumb","itemListElement":[{"@type":"ListItem","position":1,"name":"Home","item":"https:\/\/aygengineering.com\/"},{"@type":"ListItem","position":2,"name":"slitting line"}]},{"@type":"WebSite","@id":"https:\/\/aygengineering.com\/#website","url":"https:\/\/aygengineering.com\/","name":"AYG","description":"ENGINEERING","potentialAction":[{"@type":"SearchAction","target":{"@type":"EntryPoint","urlTemplate":"https:\/\/aygengineering.com\/?s={search_term_string}"},"query-input":"required name=search_term_string"}],"inLanguage":"tr"}]}},"_links":{"self":[{"href":"https:\/\/aygengineering.com\/tr\/wp-json\/wp\/v2\/pages\/1226"}],"collection":[{"href":"https:\/\/aygengineering.com\/tr\/wp-json\/wp\/v2\/pages"}],"about":[{"href":"https:\/\/aygengineering.com\/tr\/wp-json\/wp\/v2\/types\/page"}],"author":[{"embeddable":true,"href":"https:\/\/aygengineering.com\/tr\/wp-json\/wp\/v2\/users\/1"}],"replies":[{"embeddable":true,"href":"https:\/\/aygengineering.com\/tr\/wp-json\/wp\/v2\/comments?post=1226"}],"version-history":[{"count":0,"href":"https:\/\/aygengineering.com\/tr\/wp-json\/wp\/v2\/pages\/1226\/revisions"}],"wp:attachment":[{"href":"https:\/\/aygengineering.com\/tr\/wp-json\/wp\/v2\/media?parent=1226"}],"curies":[{"name":"wp","href":"https:\/\/api.w.org\/{rel}","templated":true}]}}